{"id":29185,"date":"2025-08-18T17:35:28","date_gmt":"2025-08-18T16:35:28","guid":{"rendered":"https:\/\/sunglassrevivers.com\/it\/?post_type=product&#038;p=29185"},"modified":"2025-11-13T13:42:18","modified_gmt":"2025-11-13T12:42:18","slug":"lenti-per-oakley-9474-spindrift","status":"publish","type":"product","link":"https:\/\/sunglassrevivers.com\/it\/prodotto\/lenti-per-oakley-9474-spindrift\/","title":{"rendered":"Lenti per Oakley 9474 SPINDRIFT"},"content":{"rendered":"<p>Scopri il perfetto equilibrio tra stile e funzionalit\u00e0 con le nostre <strong>Lenti per Oakley 9474 SPINDRIFT<\/strong>. Progettate per chi non scende a compromessi su qualit\u00e0 o stile, queste lenti offrono l&#8217;esperienza ottica pi\u00f9 chiara e affidabile.<\/p>\n<ul>\n<li><strong>Modello:<\/strong> 9474- SPINDRIFT<\/li>\n<li><strong>Forma:<\/strong> Rotonda<\/li>\n<li><strong>Altezza:<\/strong> 47 mm<\/li>\n<li><strong>Diametro:<\/strong> 51 mm<\/li>\n<li><strong>Curvatura:<\/strong> Base 4<\/li>\n<li><strong>Materiale della lente:<\/strong> TAC, Policarbonato<\/li>\n<\/ul>\n<p>Le <strong>Lenti per Oakley 9474 SPINDRIFT<\/strong> sono realizzate con materiali di altissima qualit\u00e0 come TAC e policarbonato, garantendo durata e protezione dagli impatti. Il loro design rotondo \u00e8 sinonimo di modernit\u00e0 e tendenza, adatto per qualsiasi occasione, sia in contesti sportivi che urbani.<\/p>\n<p>Migliora la tua visione e proteggiti allo stesso tempo grazie alla loro tecnologia di assorbimento dei raggi UV e alla struttura base 4, che offre una vista panoramica senza distorsioni. Gli appassionati di attivit\u00e0 all&#8217;aperto apprezzeranno la loro resistenza all&#8217;usura e le loro qualit\u00e0 antiriflesso.Il prodotto Lenti per Oakley 9474 SPINDRIFT non \u00e8 un articolo originale prodotto o approvato da Oakley\u00ae, salvo diversa indicazione nella scheda prodotto. Sunglass Revivers non \u00e8 affiliata, associata o sponsorizzata da Oakley\u00ae o da Luxottica Group.<\/p>\n","protected":false},"excerpt":{"rendered":"<p>Scopri il perfetto equilibrio tra stile e funzionalit\u00e0 con le nostre Lenti per Oakley 9474 SPINDRIFT. Progettate per chi non scende a compromessi su qualit\u00e0 o stile, queste lenti offrono l&#8217;esperienza ottica pi\u00f9 chiara e affidabile. Modello: 9474- SPINDRIFT Forma: Rotonda Altezza: 47 mm Diametro: 51 mm Curvatura: Base 4 Materiale della lente: TAC, Policarbonato &#8230; <a title=\"Lenti per Oakley 9474 SPINDRIFT\" class=\"read-more\" href=\"https:\/\/sunglassrevivers.com\/it\/prodotto\/lenti-per-oakley-9474-spindrift\/\" aria-label=\"Per saperne di pi\u00f9 su Lenti per Oakley 9474 SPINDRIFT\">Leggi tutto<\/a><\/p>\n","protected":false},"featured_media":29320,"comment_status":"open","ping_status":"closed","template":"","meta":{"_acf_changed":false},"product_brand":[],"product_cat":[1758,1761],"product_tag":[],"class_list":{"0":"post-29185","1":"product","2":"type-product","3":"status-publish","4":"has-post-thumbnail","6":"product_cat-lenti-di-ricambio","7":"product_cat-lenti-di-ricambio-oakley","8":"sales-flash-overlay","9":"woocommerce-text-align-center","10":"woocommerce-image-align-center","11":"do-quantity-buttons","13":"first","14":"instock","15":"taxable","16":"shipping-taxable","17":"purchasable","18":"product-type-variable","19":"has-default-attributes"},"acf":[],"_links":{"self":[{"href":"https:\/\/sunglassrevivers.com\/it\/wp-json\/wp\/v2\/product\/29185","targetHints":{"allow":["GET"]}}],"collection":[{"href":"https:\/\/sunglassrevivers.com\/it\/wp-json\/wp\/v2\/product"}],"about":[{"href":"https:\/\/sunglassrevivers.com\/it\/wp-json\/wp\/v2\/types\/product"}],"replies":[{"embeddable":true,"href":"https:\/\/sunglassrevivers.com\/it\/wp-json\/wp\/v2\/comments?post=29185"}],"version-history":[{"count":2,"href":"https:\/\/sunglassrevivers.com\/it\/wp-json\/wp\/v2\/product\/29185\/revisions"}],"predecessor-version":[{"id":30018,"href":"https:\/\/sunglassrevivers.com\/it\/wp-json\/wp\/v2\/product\/29185\/revisions\/30018"}],"wp:featuredmedia":[{"embeddable":true,"href":"https:\/\/sunglassrevivers.com\/it\/wp-json\/wp\/v2\/media\/29320"}],"wp:attachment":[{"href":"https:\/\/sunglassrevivers.com\/it\/wp-json\/wp\/v2\/media?parent=29185"}],"wp:term":[{"taxonomy":"product_brand","embeddable":true,"href":"https:\/\/sunglassrevivers.com\/it\/wp-json\/wp\/v2\/product_brand?post=29185"},{"taxonomy":"product_cat","embeddable":true,"href":"https:\/\/sunglassrevivers.com\/it\/wp-json\/wp\/v2\/product_cat?post=29185"},{"taxonomy":"product_tag","embeddable":true,"href":"https:\/\/sunglassrevivers.com\/it\/wp-json\/wp\/v2\/product_tag?post=29185"}],"curies":[{"name":"wp","href":"https:\/\/api.w.org\/{rel}","templated":true}]}}