{"id":29203,"date":"2025-08-18T17:46:38","date_gmt":"2025-08-18T16:46:38","guid":{"rendered":"https:\/\/sunglassrevivers.com\/it\/?post_type=product&#038;p=29203"},"modified":"2025-11-13T13:42:18","modified_gmt":"2025-11-13T12:42:18","slug":"lenti-per-oakley-9039-straight-jacket","status":"publish","type":"product","link":"https:\/\/sunglassrevivers.com\/it\/prodotto\/lenti-per-oakley-9039-straight-jacket\/","title":{"rendered":"Lenti per Oakley 9039 STRAIGHT JACKET"},"content":{"rendered":"<p>Le <strong>lenti per Oakley 9039 STRAIGHT JACKET<\/strong> offrono la soluzione perfetta per riportare in vita i tuoi occhiali preferiti. Progettate specificamente per il modello 9039, queste lenti garantiscono una vestibilit\u00e0 perfetta e prestazioni ottimali.<\/p>\n<p>Queste lenti rettangolari hanno una <strong>curvatura base 8<\/strong>, offrendo un ampio campo visivo e una protezione solare completa. Con un diametro di 62 mm e un&#8217;altezza di 35 mm, sono realizzate in <strong>TAC e policarbonato<\/strong>, materiali noti per la loro elevata resistenza agli urti e chiarezza visiva ottimale.<\/p>\n<ul>\n<li><strong>Materiale di qualit\u00e0:<\/strong> TAC e policarbonato sono materiali robusti e durevoli, ideali per attivit\u00e0 all&#8217;aperto.<\/li>\n<li><strong>Protezione UV:<\/strong> Le lenti per Oakley 9039 STRAIGHT JACKET offrono un&#8217;eccellente protezione dai raggi UV, mantenendo i tuoi occhi al sicuro tutto il giorno.<\/li>\n<li><strong>Installazione semplice:<\/strong> Rinnova facilmente i tuoi occhiali con una semplice sostituzione delle lenti che fornisce un nuovo look.<\/li>\n<\/ul>\n<p>Riscopri il mondo con chiarezza e stile con le lenti per Oakley 9039 STRAIGHT JACKET. Che si tratti di attivit\u00e0 sportive o di uso quotidiano, queste lenti sono progettate per soddisfare le aspettative pi\u00f9 elevate in termini di qualit\u00e0 e prestazioni.Il prodotto Lenti per Oakley 9039 STRAIGHT JACKET non \u00e8 un articolo originale prodotto o approvato da Oakley\u00ae, salvo diversa indicazione nella scheda prodotto. Sunglass Revivers non \u00e8 affiliata, associata o sponsorizzata da Oakley\u00ae o da Luxottica Group.<\/p>\n","protected":false},"excerpt":{"rendered":"<p>Le lenti per Oakley 9039 STRAIGHT JACKET offrono la soluzione perfetta per riportare in vita i tuoi occhiali preferiti. Progettate specificamente per il modello 9039, queste lenti garantiscono una vestibilit\u00e0 perfetta e prestazioni ottimali. Queste lenti rettangolari hanno una curvatura base 8, offrendo un ampio campo visivo e una protezione solare completa. Con un diametro &#8230; <a title=\"Lenti per Oakley 9039 STRAIGHT JACKET\" class=\"read-more\" href=\"https:\/\/sunglassrevivers.com\/it\/prodotto\/lenti-per-oakley-9039-straight-jacket\/\" aria-label=\"Per saperne di pi\u00f9 su Lenti per Oakley 9039 STRAIGHT JACKET\">Leggi tutto<\/a><\/p>\n","protected":false},"featured_media":29349,"comment_status":"open","ping_status":"closed","template":"","meta":{"_acf_changed":false},"product_brand":[],"product_cat":[1758,1761],"product_tag":[],"class_list":{"0":"post-29203","1":"product","2":"type-product","3":"status-publish","4":"has-post-thumbnail","6":"product_cat-lenti-di-ricambio","7":"product_cat-lenti-di-ricambio-oakley","8":"sales-flash-overlay","9":"woocommerce-text-align-center","10":"woocommerce-image-align-center","11":"do-quantity-buttons","13":"first","14":"instock","15":"taxable","16":"shipping-taxable","17":"purchasable","18":"product-type-variable","19":"has-default-attributes"},"acf":[],"_links":{"self":[{"href":"https:\/\/sunglassrevivers.com\/it\/wp-json\/wp\/v2\/product\/29203","targetHints":{"allow":["GET"]}}],"collection":[{"href":"https:\/\/sunglassrevivers.com\/it\/wp-json\/wp\/v2\/product"}],"about":[{"href":"https:\/\/sunglassrevivers.com\/it\/wp-json\/wp\/v2\/types\/product"}],"replies":[{"embeddable":true,"href":"https:\/\/sunglassrevivers.com\/it\/wp-json\/wp\/v2\/comments?post=29203"}],"version-history":[{"count":2,"href":"https:\/\/sunglassrevivers.com\/it\/wp-json\/wp\/v2\/product\/29203\/revisions"}],"predecessor-version":[{"id":30027,"href":"https:\/\/sunglassrevivers.com\/it\/wp-json\/wp\/v2\/product\/29203\/revisions\/30027"}],"wp:featuredmedia":[{"embeddable":true,"href":"https:\/\/sunglassrevivers.com\/it\/wp-json\/wp\/v2\/media\/29349"}],"wp:attachment":[{"href":"https:\/\/sunglassrevivers.com\/it\/wp-json\/wp\/v2\/media?parent=29203"}],"wp:term":[{"taxonomy":"product_brand","embeddable":true,"href":"https:\/\/sunglassrevivers.com\/it\/wp-json\/wp\/v2\/product_brand?post=29203"},{"taxonomy":"product_cat","embeddable":true,"href":"https:\/\/sunglassrevivers.com\/it\/wp-json\/wp\/v2\/product_cat?post=29203"},{"taxonomy":"product_tag","embeddable":true,"href":"https:\/\/sunglassrevivers.com\/it\/wp-json\/wp\/v2\/product_tag?post=29203"}],"curies":[{"name":"wp","href":"https:\/\/api.w.org\/{rel}","templated":true}]}}