{"id":29241,"date":"2025-08-18T18:05:59","date_gmt":"2025-08-18T17:05:59","guid":{"rendered":"https:\/\/sunglassrevivers.com\/it\/?post_type=product&#038;p=29241"},"modified":"2025-11-13T13:42:21","modified_gmt":"2025-11-13T12:42:21","slug":"lenti-per-oakley-9382-crossrange-patch-2","status":"publish","type":"product","link":"https:\/\/sunglassrevivers.com\/it\/prodotto\/lenti-per-oakley-9382-crossrange-patch-2\/","title":{"rendered":"Lenti per Oakley 9382 CROSSRANGE PATCH"},"content":{"rendered":"<p>Migliora la tua esperienza visiva con le <strong>Lenti per Oakley 9382 CROSSRANGE PATCH<\/strong>, progettate per offrire chiarezza ineguagliabile e stile distintivo. Queste lenti rettangolari, alte 47 millimetri, sono realizzate con materiali di prima qualit\u00e0 come TAC e policarbonato, garantendo resistenza e durata nel tempo.<\/p>\n<p>Con un diametro di 67 millimetri e una curvatura torica 4&#215;2, queste lenti si adattano perfettamente al modello CROSSRANGE PATCH, offrendo una copertura ottimale e protezione UV completa. Il loro design intelligente consente cambi rapidi e facili, offrendo versatilit\u00e0 senza compromettere lo stile.<\/p>\n<ul>\n<li><strong>Chiarezza e Precisione:<\/strong> Le Lenti per Oakley 9382 CROSSRANGE PATCH sono ottimizzate per una visione chiara e precisa, ideali per qualsiasi attivit\u00e0 all&#8217;aperto.<\/li>\n<li><strong>Durata:<\/strong> Realizzate in policarbonato ad alta densit\u00e0, queste lenti sono resistenti ai graffi e agli urti, perfette per un uso prolungato.<\/li>\n<li><strong>Stile Versatile:<\/strong> Il loro design rettangolare completa qualsiasi look, mantenendoti sempre moderno e alla moda.<\/li>\n<\/ul>\n<p>Sia che tu abbia bisogno di migliorare le tue prestazioni sportive o che tu voglia semplicemente rinnovare il tuo stile personale, le <strong>Lenti per Oakley 9382 CROSSRANGE PATCH<\/strong> sono la scelta perfetta. Ottimizza la tua visione mentre definisci il tuo stile con l&#8217;affidabilit\u00e0 e la qualit\u00e0 che solo Oakley pu\u00f2 offrire.Il prodotto Lenti per Oakley 9382 CROSSRANGE PATCH non \u00e8 un articolo originale prodotto o approvato da Oakley\u00ae, salvo diversa indicazione nella scheda prodotto. Sunglass Revivers non \u00e8 affiliata, associata o sponsorizzata da Oakley\u00ae o da Luxottica Group.<\/p>\n","protected":false},"excerpt":{"rendered":"<p>Migliora la tua esperienza visiva con le Lenti per Oakley 9382 CROSSRANGE PATCH, progettate per offrire chiarezza ineguagliabile e stile distintivo. Queste lenti rettangolari, alte 47 millimetri, sono realizzate con materiali di prima qualit\u00e0 come TAC e policarbonato, garantendo resistenza e durata nel tempo. Con un diametro di 67 millimetri e una curvatura torica 4&#215;2, &#8230; <a title=\"Lenti per Oakley 9382 CROSSRANGE PATCH\" class=\"read-more\" href=\"https:\/\/sunglassrevivers.com\/it\/prodotto\/lenti-per-oakley-9382-crossrange-patch-2\/\" aria-label=\"Per saperne di pi\u00f9 su Lenti per Oakley 9382 CROSSRANGE PATCH\">Leggi tutto<\/a><\/p>\n","protected":false},"featured_media":29361,"comment_status":"open","ping_status":"closed","template":"","meta":{"_acf_changed":false},"product_brand":[],"product_cat":[1758,1761],"product_tag":[],"class_list":{"0":"post-29241","1":"product","2":"type-product","3":"status-publish","4":"has-post-thumbnail","6":"product_cat-lenti-di-ricambio","7":"product_cat-lenti-di-ricambio-oakley","8":"sales-flash-overlay","9":"woocommerce-text-align-center","10":"woocommerce-image-align-center","11":"do-quantity-buttons","13":"first","14":"instock","15":"taxable","16":"shipping-taxable","17":"purchasable","18":"product-type-variable","19":"has-default-attributes"},"acf":[],"_links":{"self":[{"href":"https:\/\/sunglassrevivers.com\/it\/wp-json\/wp\/v2\/product\/29241","targetHints":{"allow":["GET"]}}],"collection":[{"href":"https:\/\/sunglassrevivers.com\/it\/wp-json\/wp\/v2\/product"}],"about":[{"href":"https:\/\/sunglassrevivers.com\/it\/wp-json\/wp\/v2\/types\/product"}],"replies":[{"embeddable":true,"href":"https:\/\/sunglassrevivers.com\/it\/wp-json\/wp\/v2\/comments?post=29241"}],"version-history":[{"count":2,"href":"https:\/\/sunglassrevivers.com\/it\/wp-json\/wp\/v2\/product\/29241\/revisions"}],"predecessor-version":[{"id":30046,"href":"https:\/\/sunglassrevivers.com\/it\/wp-json\/wp\/v2\/product\/29241\/revisions\/30046"}],"wp:featuredmedia":[{"embeddable":true,"href":"https:\/\/sunglassrevivers.com\/it\/wp-json\/wp\/v2\/media\/29361"}],"wp:attachment":[{"href":"https:\/\/sunglassrevivers.com\/it\/wp-json\/wp\/v2\/media?parent=29241"}],"wp:term":[{"taxonomy":"product_brand","embeddable":true,"href":"https:\/\/sunglassrevivers.com\/it\/wp-json\/wp\/v2\/product_brand?post=29241"},{"taxonomy":"product_cat","embeddable":true,"href":"https:\/\/sunglassrevivers.com\/it\/wp-json\/wp\/v2\/product_cat?post=29241"},{"taxonomy":"product_tag","embeddable":true,"href":"https:\/\/sunglassrevivers.com\/it\/wp-json\/wp\/v2\/product_tag?post=29241"}],"curies":[{"name":"wp","href":"https:\/\/api.w.org\/{rel}","templated":true}]}}