{"id":29597,"date":"2025-09-03T17:09:36","date_gmt":"2025-09-03T16:09:36","guid":{"rendered":"https:\/\/sunglassrevivers.com\/it\/?post_type=product&#038;p=29597"},"modified":"2025-11-13T13:42:22","modified_gmt":"2025-11-13T12:42:22","slug":"lenti-per-oakley-9253-si-ballistic-det-cord","status":"publish","type":"product","link":"https:\/\/sunglassrevivers.com\/it\/prodotto\/lenti-per-oakley-9253-si-ballistic-det-cord\/","title":{"rendered":"Lenti per Oakley 9253 SI Ballistic Det Cord"},"content":{"rendered":"<p>Le <strong>lenti per Oakley 9253 SI Ballistic Det Cord<\/strong> offrono il perfetto connubio tra stile e funzionalit\u00e0. Specificamente progettate per garantire una protezione ottimale, queste lenti sono ideali per chi esige il meglio in termini di qualit\u00e0 visiva.<\/p>\n<p>Con una <strong>forma rettangolare<\/strong>, queste lenti non solo migliorano le prestazioni, ma assicurano anche una vestibilit\u00e0 perfetta per gli occhiali Oakley 9253 SI Ballistic Det Cord. Con un <strong>altezza di 41 mm<\/strong> e un <strong>diametro di 67 mm<\/strong>, garantiscono una copertura eccezionale.<\/p>\n<ul>\n<li><strong>Durata e chiarezza:<\/strong> Realizzate con materiali di alta qualit\u00e0 come <strong>TAC<\/strong> e <strong>Policarbonato<\/strong>, queste lenti sono resistenti agli urti senza compromettere la chiarezza visiva.<\/li>\n<li><strong>Curvatura Torica:<\/strong> La curvatura torica offre un&#8217;esperienza visiva immersiva e nitida, riducendo l&#8217;affaticamento visivo.<\/li>\n<li><strong>Prestazioni impareggiabili:<\/strong> Sia sotto il sole che in ambienti impegnativi, le lenti per Oakley 9253 SI Ballistic Det Cord assicurano una visione impareggiabile.<\/li>\n<\/ul>\n<p>Con queste lenti, puoi contare su prestazioni superiori in qualsiasi circostanza. Ideali per l&#8217;uso quotidiano o per professionisti alla ricerca di durabilit\u00e0 e stile. Non stai solo acquistando un prodotto, ma un&#8217;estensione della qualit\u00e0 Oakley.Il prodotto Lenti per Oakley 9253 SI Ballistic Det Cord non \u00e8 un articolo originale prodotto o approvato da Oakley\u00ae, salvo diversa indicazione nella scheda prodotto. Sunglass Revivers non \u00e8 affiliata, associata o sponsorizzata da Oakley\u00ae o da Luxottica Group.<\/p>\n","protected":false},"excerpt":{"rendered":"<p>Le lenti per Oakley 9253 SI Ballistic Det Cord offrono il perfetto connubio tra stile e funzionalit\u00e0. Specificamente progettate per garantire una protezione ottimale, queste lenti sono ideali per chi esige il meglio in termini di qualit\u00e0 visiva. Con una forma rettangolare, queste lenti non solo migliorano le prestazioni, ma assicurano anche una vestibilit\u00e0 perfetta &#8230; <a title=\"Lenti per Oakley 9253 SI Ballistic Det Cord\" class=\"read-more\" href=\"https:\/\/sunglassrevivers.com\/it\/prodotto\/lenti-per-oakley-9253-si-ballistic-det-cord\/\" aria-label=\"Per saperne di pi\u00f9 su Lenti per Oakley 9253 SI Ballistic Det Cord\">Leggi tutto<\/a><\/p>\n","protected":false},"featured_media":29655,"comment_status":"open","ping_status":"closed","template":"","meta":{"_acf_changed":false},"product_brand":[],"product_cat":[1758,1761],"product_tag":[],"class_list":{"0":"post-29597","1":"product","2":"type-product","3":"status-publish","4":"has-post-thumbnail","6":"product_cat-lenti-di-ricambio","7":"product_cat-lenti-di-ricambio-oakley","8":"sales-flash-overlay","9":"woocommerce-text-align-center","10":"woocommerce-image-align-center","11":"do-quantity-buttons","13":"first","14":"instock","15":"taxable","16":"shipping-taxable","17":"purchasable","18":"product-type-variable","19":"has-default-attributes"},"acf":[],"_links":{"self":[{"href":"https:\/\/sunglassrevivers.com\/it\/wp-json\/wp\/v2\/product\/29597","targetHints":{"allow":["GET"]}}],"collection":[{"href":"https:\/\/sunglassrevivers.com\/it\/wp-json\/wp\/v2\/product"}],"about":[{"href":"https:\/\/sunglassrevivers.com\/it\/wp-json\/wp\/v2\/types\/product"}],"replies":[{"embeddable":true,"href":"https:\/\/sunglassrevivers.com\/it\/wp-json\/wp\/v2\/comments?post=29597"}],"version-history":[{"count":2,"href":"https:\/\/sunglassrevivers.com\/it\/wp-json\/wp\/v2\/product\/29597\/revisions"}],"predecessor-version":[{"id":30062,"href":"https:\/\/sunglassrevivers.com\/it\/wp-json\/wp\/v2\/product\/29597\/revisions\/30062"}],"wp:featuredmedia":[{"embeddable":true,"href":"https:\/\/sunglassrevivers.com\/it\/wp-json\/wp\/v2\/media\/29655"}],"wp:attachment":[{"href":"https:\/\/sunglassrevivers.com\/it\/wp-json\/wp\/v2\/media?parent=29597"}],"wp:term":[{"taxonomy":"product_brand","embeddable":true,"href":"https:\/\/sunglassrevivers.com\/it\/wp-json\/wp\/v2\/product_brand?post=29597"},{"taxonomy":"product_cat","embeddable":true,"href":"https:\/\/sunglassrevivers.com\/it\/wp-json\/wp\/v2\/product_cat?post=29597"},{"taxonomy":"product_tag","embeddable":true,"href":"https:\/\/sunglassrevivers.com\/it\/wp-json\/wp\/v2\/product_tag?post=29597"}],"curies":[{"name":"wp","href":"https:\/\/api.w.org\/{rel}","templated":true}]}}