{"id":29639,"date":"2025-09-03T18:26:02","date_gmt":"2025-09-03T17:26:02","guid":{"rendered":"https:\/\/sunglassrevivers.com\/it\/?post_type=product&#038;p=29639"},"modified":"2025-11-13T13:42:25","modified_gmt":"2025-11-13T12:42:25","slug":"lenti-per-oakley-4059-blender","status":"publish","type":"product","link":"https:\/\/sunglassrevivers.com\/it\/prodotto\/lenti-per-oakley-4059-blender\/","title":{"rendered":"Lenti per Oakley 4059 BLENDER"},"content":{"rendered":"<p>Con le <strong>Lenti per Oakley 4059 BLENDER<\/strong>, scopri un nuovo modo di vedere la vita. Progettate per soddisfare le esigenze dei clienti pi\u00f9 esigenti, queste lenti combinano tecnologia e stile in un prodotto eccezionale. Le lenti rettangolari offrono una visione impareggiabile grazie alla loro altezza di 35 e un diametro di 67, garantendo una vestibilit\u00e0 perfetta.<\/p>\n<p>Il modello 4059 BLENDER si distingue per la sua curvatura di base 8.75, offrendo un&#8217;esperienza visiva immersiva. Inoltre, sono realizzate in TAC e policarbonato, materiali che garantiscono resistenza e durata eccezionali. Perch\u00e9 accontentarsi di meno quando si pu\u00f2 scegliere la qualit\u00e0 superiore delle <strong>Lenti per Oakley 4059 BLENDER<\/strong>?<\/p>\n<ul>\n<li>Visione chiara e precisa con lenti rettangolari.<\/li>\n<li>Materiali avanzati per una durata massima.<\/li>\n<li>Curvatura avvolgente per una protezione ottimale.<\/li>\n<\/ul>\n<p>Scegli oggi le <strong>Lenti per Oakley 4059 BLENDER<\/strong> e trasforma la tua esperienza visiva.Il prodotto Lenti per Oakley 4059 BLENDER non \u00e8 un articolo originale prodotto o approvato da Oakley\u00ae, salvo diversa indicazione nella scheda prodotto. Sunglass Revivers non \u00e8 affiliata, associata o sponsorizzata da Oakley\u00ae o da Luxottica Group.<\/p>\n","protected":false},"excerpt":{"rendered":"<p>Con le Lenti per Oakley 4059 BLENDER, scopri un nuovo modo di vedere la vita. Progettate per soddisfare le esigenze dei clienti pi\u00f9 esigenti, queste lenti combinano tecnologia e stile in un prodotto eccezionale. Le lenti rettangolari offrono una visione impareggiabile grazie alla loro altezza di 35 e un diametro di 67, garantendo una vestibilit\u00e0 &#8230; <a title=\"Lenti per Oakley 4059 BLENDER\" class=\"read-more\" href=\"https:\/\/sunglassrevivers.com\/it\/prodotto\/lenti-per-oakley-4059-blender\/\" aria-label=\"Per saperne di pi\u00f9 su Lenti per Oakley 4059 BLENDER\">Leggi tutto<\/a><\/p>\n","protected":false},"featured_media":29650,"comment_status":"open","ping_status":"closed","template":"","meta":{"_acf_changed":false},"product_brand":[],"product_cat":[1758,1761],"product_tag":[],"class_list":{"0":"post-29639","1":"product","2":"type-product","3":"status-publish","4":"has-post-thumbnail","6":"product_cat-lenti-di-ricambio","7":"product_cat-lenti-di-ricambio-oakley","8":"sales-flash-overlay","9":"woocommerce-text-align-center","10":"woocommerce-image-align-center","11":"do-quantity-buttons","13":"first","14":"instock","15":"taxable","16":"shipping-taxable","17":"purchasable","18":"product-type-variable","19":"has-default-attributes"},"acf":[],"_links":{"self":[{"href":"https:\/\/sunglassrevivers.com\/it\/wp-json\/wp\/v2\/product\/29639","targetHints":{"allow":["GET"]}}],"collection":[{"href":"https:\/\/sunglassrevivers.com\/it\/wp-json\/wp\/v2\/product"}],"about":[{"href":"https:\/\/sunglassrevivers.com\/it\/wp-json\/wp\/v2\/types\/product"}],"replies":[{"embeddable":true,"href":"https:\/\/sunglassrevivers.com\/it\/wp-json\/wp\/v2\/comments?post=29639"}],"version-history":[{"count":2,"href":"https:\/\/sunglassrevivers.com\/it\/wp-json\/wp\/v2\/product\/29639\/revisions"}],"predecessor-version":[{"id":30083,"href":"https:\/\/sunglassrevivers.com\/it\/wp-json\/wp\/v2\/product\/29639\/revisions\/30083"}],"wp:featuredmedia":[{"embeddable":true,"href":"https:\/\/sunglassrevivers.com\/it\/wp-json\/wp\/v2\/media\/29650"}],"wp:attachment":[{"href":"https:\/\/sunglassrevivers.com\/it\/wp-json\/wp\/v2\/media?parent=29639"}],"wp:term":[{"taxonomy":"product_brand","embeddable":true,"href":"https:\/\/sunglassrevivers.com\/it\/wp-json\/wp\/v2\/product_brand?post=29639"},{"taxonomy":"product_cat","embeddable":true,"href":"https:\/\/sunglassrevivers.com\/it\/wp-json\/wp\/v2\/product_cat?post=29639"},{"taxonomy":"product_tag","embeddable":true,"href":"https:\/\/sunglassrevivers.com\/it\/wp-json\/wp\/v2\/product_tag?post=29639"}],"curies":[{"name":"wp","href":"https:\/\/api.w.org\/{rel}","templated":true}]}}